{"id":377,"date":"2022-06-16T15:14:56","date_gmt":"2022-06-16T13:14:56","guid":{"rendered":"https:\/\/jomedia.de\/?page_id=377"},"modified":"2022-06-16T15:43:48","modified_gmt":"2022-06-16T13:43:48","slug":"nutzungsbedingungen","status":"publish","type":"page","link":"https:\/\/jomedia.de\/index.php\/nutzungsbedingungen\/","title":{"rendered":"Nutzungsbedingungen"},"content":{"rendered":"\n<p>1. \u00dcBER DIESE NUTZUNGSBEDINGUNGEN<\/p>\n\n\n\n<p>Diese Nutzungsbedingungen (&#8220;Bedingungen&#8221;) sind eine rechtliche Vereinbarung zwischen Ihnen und J\u00fcrgen Trozki (&#8220;Jomedia&#8221;, &#8220;wir&#8221;, &#8220;uns&#8221; oder &#8220;unser&#8221;).<\/p>\n\n\n\n<p>Durch die Nutzung der von Jomedia ver\u00f6ffentlichten mobilen Spiele (jeweils eine &#8220;App&#8221; und zusammen die &#8220;Apps&#8221;) erkl\u00e4ren Sie sich mit den Bedingungen einverstanden und akzeptieren diese, die wir von Zeit zu Zeit aktualisieren k\u00f6nnen. Ihre Nutzung unserer Dienste unterliegt auch unserer <a href=\"https:\/\/jomedia.de\/index.php\/datenschutz-apps\/\">Datenschutzrichtlinie<\/a> (die Teil der Bedingungen ist), die regelt, wie wir Ihre pers\u00f6nlichen Daten sammeln, nutzen, weitergeben und speichern.<\/p>\n\n\n\n<p>Durch das Herunterladen, die Installation, die Nutzung oder den sonstigen Zugriff auf die Dienste erkl\u00e4ren Sie sich mit den Bedingungen einverstanden. Wenn Sie mit den Bedingungen nicht einverstanden sind, laden Sie die Dienste bitte nicht herunter, installieren Sie sie nicht, nutzen Sie sie nicht und greifen Sie nicht auf sie zu. Die Nutzung der Dienste ist nichtig, wo sie verboten ist.<\/p>\n\n\n\n<p>Sie k\u00f6nnen die Apps \u00fcber einen Online-Store wie den Google Play Store oder den Apple App Store herunterladen. Bitte lesen Sie die Allgemeinen Gesch\u00e4ftsbedingungen des Eigent\u00fcmers des jeweiligen Online-Stores, die bestimmte zus\u00e4tzliche Anforderungen f\u00fcr den Download der Apps \u00fcber diesen Online-Store, ihre Installation und Nutzung vorsehen k\u00f6nnen.<\/p>\n\n\n\n<p>2. VORAUSSETZUNGEN F\u00dcR DIE NUTZUNG<\/p>\n\n\n\n<p>Durch die Installation, den Zugriff oder die Nutzung unserer Dienste best\u00e4tigen Sie, dass Sie mindestens 16 Jahre alt und voll gesch\u00e4ftsf\u00e4hig sind, um diese Vereinbarung zu schlie\u00dfen. Falls Sie zwischen 16 und 18 Jahre alt sind, best\u00e4tigen Sie hiermit, dass Ihr Elternteil, ein gesetzlicher Vormund oder ein anderer Vertreter nach geltendem Recht die Bedingungen gepr\u00fcft hat, ihnen zustimmt und Ihnen den Zugriff auf und\/oder die Nutzung unserer Dienste gestattet.<\/p>\n\n\n\n<p>3. \u00c4NDERUNGEN DER NUTZUNGSBEDINGUNGEN<\/p>\n\n\n\n<p>Wir behalten uns das Recht vor, nach unserem Ermessen Teile der Bedingungen jederzeit zu \u00e4ndern, zu modifizieren, hinzuzuf\u00fcgen oder zu entfernen, indem wir die ge\u00e4nderten Bedingungen ver\u00f6ffentlichen. Wenn es sich um eine wesentliche \u00c4nderung handelt, k\u00f6nnen wir auch einen zus\u00e4tzlichen Hinweis innerhalb der Dienste geben. Sofern wir nichts anderes angeben, treten die \u00c4nderungen unmittelbar nach der Ver\u00f6ffentlichung in Kraft. Jedes Mal, wenn Sie auf unsere Dienste zugreifen, gilt die aktuelle Version der Bedingungen. Wenn Sie die Dienste nach der Ver\u00f6ffentlichung der \u00c4nderungen weiterhin nutzen, erkl\u00e4ren Sie sich damit einverstanden, dass die \u00c4nderungen f\u00fcr Ihre weitere Nutzung der Dienste gelten.<\/p>\n\n\n\n<p>Wenn Sie mit einer \u00c4nderung der Bedingungen nicht einverstanden sind, besteht Ihr einziges Rechtsmittel darin, die Nutzung unserer Dienste einzustellen.<\/p>\n\n\n\n<p>Sollte ein Teil der Bedingungen als rechtswidrig oder nicht durchsetzbar erachtet werden, bleiben die \u00fcbrigen Bedingungen davon unber\u00fchrt und sind weiterhin vollst\u00e4ndig g\u00fcltig, verbindlich und durchsetzbar.<\/p>\n\n\n\n<p>4. LINKS ZU DRITTANBIETERN<\/p>\n\n\n\n<p>Unsere Dienste k\u00f6nnen Werbung von Drittunternehmen enthalten. Bitte lesen Sie unsere <a href=\"https:\/\/jomedia.de\/index.php\/datenschutz-apps\/\">Datenschutzrichtlinie<\/a>, in denen erkl\u00e4rt wird, welche Informationen wir mit Werbekunden teilen. Wir sind nicht verantwortlich f\u00fcr die Verf\u00fcgbarkeit solcher Websites oder Ressourcen von Dritten und wir sind nicht verantwortlich oder haftbar f\u00fcr Inhalte, Werbung oder Dienstleistungen, die sie anbieten.<\/p>\n\n\n\n<p>Jegliche Inhalte, Werbung oder Dienstleistungen dieser Dritten werden gem\u00e4\u00df den Dienstleistungsbedingungen und Datenschutzrichtlinien bereitgestellt, die auf der Website des jeweiligen Dritten zu finden sind, und Sie m\u00fcssen sich gegebenenfalls mit den Dienstleistungsbedingungen und Datenschutzrichtlinien dieser Dritten vertraut machen und diese akzeptieren, bevor Sie deren Dienstleistungen nutzen.<\/p>\n\n\n\n<p>G\u00fcltig ab dem 16. Juni 2022.<\/p>\n","protected":false},"excerpt":{"rendered":"<p>1. \u00dcBER DIESE NUTZUNGSBEDINGUNGEN Diese Nutzungsbedingungen (&#8220;Bedingungen&#8221;) sind eine rechtliche Vereinbarung zwischen Ihnen und J\u00fcrgen Trozki (&#8220;Jomedia&#8221;, &#8220;wir&#8221;, &#8220;uns&#8221; oder &#8220;unser&#8221;). Durch die Nutzung der von Jomedia ver\u00f6ffentlichten mobilen Spiele (jeweils eine &#8220;App&#8221; und zusammen die &#8220;Apps&#8221;) erkl\u00e4ren Sie sich mit den Bedingungen einverstanden und akzeptieren diese, die wir von Zeit zu Zeit aktualisieren k\u00f6nnen. &hellip; <a href=\"https:\/\/jomedia.de\/index.php\/nutzungsbedingungen\/\" class=\"more-link\">Continue reading <span class=\"screen-reader-text\">Nutzungsbedingungen<\/span><\/a><\/p>\n","protected":false},"author":1,"featured_media":0,"parent":0,"menu_order":0,"comment_status":"closed","ping_status":"closed","template":"","meta":[],"_links":{"self":[{"href":"https:\/\/jomedia.de\/index.php\/wp-json\/wp\/v2\/pages\/377"}],"collection":[{"href":"https:\/\/jomedia.de\/index.php\/wp-json\/wp\/v2\/pages"}],"about":[{"href":"https:\/\/jomedia.de\/index.php\/wp-json\/wp\/v2\/types\/page"}],"author":[{"embeddable":true,"href":"https:\/\/jomedia.de\/index.php\/wp-json\/wp\/v2\/users\/1"}],"replies":[{"embeddable":true,"href":"https:\/\/jomedia.de\/index.php\/wp-json\/wp\/v2\/comments?post=377"}],"version-history":[{"count":4,"href":"https:\/\/jomedia.de\/index.php\/wp-json\/wp\/v2\/pages\/377\/revisions"}],"predecessor-version":[{"id":402,"href":"https:\/\/jomedia.de\/index.php\/wp-json\/wp\/v2\/pages\/377\/revisions\/402"}],"wp:attachment":[{"href":"https:\/\/jomedia.de\/index.php\/wp-json\/wp\/v2\/media?parent=377"}],"curies":[{"name":"wp","href":"https:\/\/api.w.org\/{rel}","templated":true}]}}