{"id":216,"date":"2019-01-07T15:04:18","date_gmt":"2019-01-07T14:04:18","guid":{"rendered":"https:\/\/jomedia.de\/?page_id=216"},"modified":"2022-07-08T13:02:52","modified_gmt":"2022-07-08T11:02:52","slug":"datenschutz-apps","status":"publish","type":"page","link":"https:\/\/jomedia.de\/index.php\/datenschutz-apps\/","title":{"rendered":"Datenschutz Apps"},"content":{"rendered":"<h2>Datenschutzerkl\u00e4rung f\u00fcr Apps<\/h2>\n<p><strong>Einf\u00fchrung<\/strong><br \/>\nJ\u00fcrgen Trozki (jomedia.de) (\u201ewir\u201c, \u201euns\u201c oder \u201eunser\u201c) nimmt den Schutz Ihrer Privatsph\u00e4re ernst. Diese Datenschutzerkl\u00e4rung erl\u00e4utert und beschreibt die Art und Weise, auf welche wir personenbezogene Daten erfassen, wenn Sie eine oder mehrere unserer mobilen Anwendungen (die &#8220;App&#8221;, &#8220;unsere App&#8221;) verwenden, und erl\u00e4utert, wie Unternehmen, mit denen wir kooperieren, personenbezogene Daten verarbeiten.<br \/>\nUnsere Datenschutzerkl\u00e4rung gilt f\u00fcr alle Benutzer und andere, die auf die App zugreifen (\u201eBenutzer\u201c). Wenn Sie die App verwenden, erkennen Sie an, dass Sie diese Bedingungen gelesen und verstanden haben und damit einverstanden sind. Durch den Zugriff oder die Nutzung der App stimmen Sie der Verarbeitung Ihrer personenbezogenen Daten zu, die uns gem\u00e4\u00df den Bestimmungen dieser Datenschutzerkl\u00e4rung zur Verf\u00fcgung gestellt werden. Wenn Sie nicht m\u00f6chten, dass wir Ihre Informationen auf die in dieser Datenschutzerkl\u00e4rung beschriebene Weise sammeln, speichern, verwenden oder weitergeben, sollten Sie unsere Apps nicht spielen oder unsere Dienste nicht nutzen.<\/p>\n<p><strong>Sammlung und Verwendung von Informationen<\/strong><br \/>\nWenn Sie unseren Service nutzen m\u00f6chten, m\u00fcssen Sie uns m\u00f6glicherweise bestimmte personenbezogene Daten zur Verf\u00fcgung stellen.<br \/>\nWir sammeln keine klassischen personenbezogenen Daten \u00fcber unsere Apps (wie Name, Adresse, E-Mail-Adresse oder Telefonnummer) und Sie k\u00f6nnen unsere Apps verwenden, ohne uns Ihre klassischen pers\u00f6nlichen Daten zur Verf\u00fcgung zu stellen.<br \/>\nWir erfassen technische Informationen \u00fcber Ihr Ger\u00e4t, die f\u00fcr die Verwendung unserer App erforderlich sind, sowie weitere technische Daten, die es uns erm\u00f6glichen, die Funktion der App zu warten und zu analysieren, den Inhalt der App zu personalisieren und Werbung anzuzeigen.<br \/>\nZu diesen Informationen geh\u00f6ren unter anderem der Typ des von Ihnen genutzten mobilen Endger\u00e4ts, Ihre individuelle Ger\u00e4teidentifikation, die IP-Adresse Ihres mobilen Endger\u00e4ts, Ihr mobiles Betriebssystem, der Typ des von Ihnen genutzten mobilen Internetbrowsers, das Land oder die Region, in der Sie sich befinden, individuelle Ger\u00e4teidentifikationsmerkmale und weitere Diagnostikdaten.<\/p>\n<p><strong>Informationen zu Werbezwecken<\/strong><br \/>\nDiese App verwendet Google AdMob zur Darstellung von Werbeanzeigen innerhalb der App. Google kann die Werbe-ID Ihres Endger\u00e4tes, sowie Cookies und\/oder \u00e4hnliche Technologien verwenden, um personenbezogene Daten zum Zwecke der Generierung und Anzeige von personalisierter Werbung zu erheben.<\/p>\n<p>Um die Leistung von AdMob zu verbessern, kann der Google Mobile Ads SDK bestimmte Informationen von Apps sammeln, darunter:<\/p>\n<ul>\n<li>IP-Adresse, die verwendet werden kann, um den allgemeinen Standort eines Ger\u00e4ts zu sch\u00e4tzen.<\/li>\n<li>Nicht benutzerbezogene Absturzprotokolle, die zur Diagnose von Problemen und zur Verbesserung des SDK verwendet werden k\u00f6nnen. Diagnoseinformationen k\u00f6nnen auch f\u00fcr Werbe- und Analysezwecke verwendet werden.<\/li>\n<li>Benutzerbezogene Leistungsdaten wie App-Startzeit, H\u00e4ngerate oder Energieverbrauch, die verwendet werden k\u00f6nnen, um das Benutzerverhalten zu bewerten, die Effektivit\u00e4t bestehender Produktfunktionen zu verstehen und neue Funktionen zu planen. Leistungsdaten k\u00f6nnen auch zum Anzeigen von Anzeigen verwendet werden, einschlie\u00dflich des Teilens mit anderen Einheiten, die Anzeigen anzeigen.<\/li>\n<li>Eine Ger\u00e4te-ID wie die Werbekennung des Ger\u00e4ts oder andere App-gebundene Ger\u00e4tekennungen, die f\u00fcr Zwecke der Werbung und Analyse durch Dritte verwendet werden k\u00f6nnen.<\/li>\n<li>Werbedaten, wie z. B. Werbung, die der Benutzer gesehen hat, k\u00f6nnen f\u00fcr Leistungsanalysen und Werbefunktionen verwendet werden.<\/li>\n<li>Andere Produktinteraktionen von Benutzern wie App-Launch Taps und Interaktionsinformationen wie Videoaufrufe k\u00f6nnen zur Verbesserung der Werbeleistung verwendet werden.<\/li>\n<\/ul>\n<p>Wenn Sie mehr \u00fcber die Art und Weise erfahren m\u00f6chten, auf welche Weise diese Drittanbieter Informationen sammeln und verarbeiten, lesen Sie bitte deren Datenschutzbestimmungen, indem Sie auf die unten angegebenen Links klicken.<\/p>\n<p>Link zu den Datenschutzerkl\u00e4rungen von Drittanbieter, die von der App verwendet werden:<\/p>\n<p><a href=\"https:\/\/policies.google.com\/privacy\" target=\"_blank\" rel=\"noopener noreferrer\">Google AdMob:\u00a0https:\/\/policies.google.com\/privacy<\/a><\/p>\n<p><strong>Cookies <\/strong><br \/>\nCookies sind kleine Dateien, die auf Ihrem Ger\u00e4t (Computer oder mobiles Endger\u00e4t) gespeichert werden.<br \/>\nDieser Dienst verwendet diese &#8220;Cookies&#8221; nicht explizit. Die App kann jedoch Drittanbietercode und Bibliotheken verwenden, die &#8220;Cookies&#8221; verwenden, um Informationen zu sammeln, um ihre Dienste zu verbessern.<\/p>\n<p><strong>Sicherheit<\/strong><br \/>\nDie Sicherheit Ihrer Daten ist uns wichtig. Denken Sie jedoch daran, dass keine \u00dcbertragungsmethode \u00fcber das Internet oder elektronische Speichermethode zu 100% sicher und zuverl\u00e4ssig ist und wir keine absolute Sicherheit garantieren k\u00f6nnen.<\/p>\n<p><strong>Links zu anderen Websites<\/strong><br \/>\nDieser Service kann Links zu anderen Websites enthalten. Wenn Sie auf den Link eines Drittanbieters klicken, werden Sie zu dieser Website geleitet, die nicht von uns betrieben werden. Daher empfehlen wir Ihnen dringend, die Datenschutzerkl\u00e4rung dieser Websites durchzulesen. Wir haben keine Kontrolle \u00fcber die Inhalte, Datenschutzrichtlinien oder Praktiken von Websites oder Diensten von Drittanbietern und \u00fcbernehmen keine Verantwortung daf\u00fcr.<\/p>\n<p><strong>Datenschutz f\u00fcr Kinder<\/strong><br \/>\nWir erheben wissentlich keine personenbezogenen Daten von Kindern unter 16 Jahren. Wenn Sie unter 16 Jahre alt sind, senden Sie uns bitte keine Informationen \u00fcber sich, einschlie\u00dflich Name, Adresse, Telefonnummer oder E-Mail-Adresse. Personen unter 16 Jahren d\u00fcrfen keine personenbezogenen Daten angeben. Falls wir feststellen, dass uns ein Kind unter 16 Jahren personenbezogene Daten zur Verf\u00fcgung gestellt hat, werden wir diese Informationen so schnell wie m\u00f6glich l\u00f6schen. Wenn Sie Elternteil oder Vormund sind und wissen, dass Ihr Kind uns personenbezogene Daten zur Verf\u00fcgung gestellt hat, nehmen Sie bitte Kontakt mit uns auf, damit wir die notwendigen Ma\u00dfnahmen ergreifen k\u00f6nnen.<\/p>\n<p><strong>\u00c4nderungen an dieser Datenschutzerkl\u00e4rung<\/strong><br \/>\nWir k\u00f6nnen unsere Datenschutzbestimmungen von Zeit zu Zeit aktualisieren. Die aktualisierte Fassung wird auf dieser Seite ver\u00f6ffentlicht. Diese \u00c4nderungen werden sofort nach ihrer Ver\u00f6ffentlichung auf dieser Seite wirksam.<\/p>\n<p>G\u00fcltig ab dem 28. Mai 2022.<\/p>\n","protected":false},"excerpt":{"rendered":"<p>Datenschutzerkl\u00e4rung f\u00fcr Apps Einf\u00fchrung J\u00fcrgen Trozki (jomedia.de) (\u201ewir\u201c, \u201euns\u201c oder \u201eunser\u201c) nimmt den Schutz Ihrer Privatsph\u00e4re ernst. Diese Datenschutzerkl\u00e4rung erl\u00e4utert und beschreibt die Art und Weise, auf welche wir personenbezogene Daten erfassen, wenn Sie eine oder mehrere unserer mobilen Anwendungen (die &#8220;App&#8221;, &#8220;unsere App&#8221;) verwenden, und erl\u00e4utert, wie Unternehmen, mit denen wir kooperieren, personenbezogene Daten &hellip; <a href=\"https:\/\/jomedia.de\/index.php\/datenschutz-apps\/\" class=\"more-link\">Continue reading <span class=\"screen-reader-text\">Datenschutz Apps<\/span><\/a><\/p>\n","protected":false},"author":1,"featured_media":0,"parent":0,"menu_order":0,"comment_status":"closed","ping_status":"closed","template":"","meta":[],"_links":{"self":[{"href":"https:\/\/jomedia.de\/index.php\/wp-json\/wp\/v2\/pages\/216"}],"collection":[{"href":"https:\/\/jomedia.de\/index.php\/wp-json\/wp\/v2\/pages"}],"about":[{"href":"https:\/\/jomedia.de\/index.php\/wp-json\/wp\/v2\/types\/page"}],"author":[{"embeddable":true,"href":"https:\/\/jomedia.de\/index.php\/wp-json\/wp\/v2\/users\/1"}],"replies":[{"embeddable":true,"href":"https:\/\/jomedia.de\/index.php\/wp-json\/wp\/v2\/comments?post=216"}],"version-history":[{"count":15,"href":"https:\/\/jomedia.de\/index.php\/wp-json\/wp\/v2\/pages\/216\/revisions"}],"predecessor-version":[{"id":407,"href":"https:\/\/jomedia.de\/index.php\/wp-json\/wp\/v2\/pages\/216\/revisions\/407"}],"wp:attachment":[{"href":"https:\/\/jomedia.de\/index.php\/wp-json\/wp\/v2\/media?parent=216"}],"curies":[{"name":"wp","href":"https:\/\/api.w.org\/{rel}","templated":true}]}}